{"id":36,"date":"2016-12-29T17:31:16","date_gmt":"2016-12-29T16:31:16","guid":{"rendered":"http:\/\/dev.brenac-gonzalez.fr\/?page_id=36\/"},"modified":"2023-06-19T15:20:18","modified_gmt":"2023-06-19T13:20:18","slug":"employment","status":"publish","type":"page","link":"https:\/\/brenac-gonzalez.fr\/en\/employment\/","title":{"rendered":"Employment"},"content":{"rendered":"\n<h3 class=\"wp-block-heading\">Apply for a job<\/h3>\n\n\n\n<p>Please enter your details<\/p>\n\n\n\n<div class=\"wp-block-contact-form-7-contact-form-selector\">\n<div class=\"wpcf7 no-js\" id=\"wpcf7-f6198-o1\" lang=\"en-US\" dir=\"ltr\">\n<div class=\"screen-reader-response\"><p role=\"status\" aria-live=\"polite\" aria-atomic=\"true\"><\/p> <ul><\/ul><\/div>\n<form action=\"\/en\/wp-json\/wp\/v2\/pages\/36#wpcf7-f6198-o1\" method=\"post\" class=\"wpcf7-form init\" aria-label=\"Contact form\" enctype=\"multipart\/form-data\" novalidate=\"novalidate\" data-status=\"init\">\n<div style=\"display: none;\">\n<input type=\"hidden\" name=\"_wpcf7\" value=\"6198\" \/>\n<input type=\"hidden\" name=\"_wpcf7_version\" value=\"5.7.7\" \/>\n<input type=\"hidden\" name=\"_wpcf7_locale\" value=\"en_US\" \/>\n<input type=\"hidden\" name=\"_wpcf7_unit_tag\" value=\"wpcf7-f6198-o1\" \/>\n<input type=\"hidden\" name=\"_wpcf7_container_post\" value=\"0\" \/>\n<input type=\"hidden\" name=\"_wpcf7_posted_data_hash\" value=\"\" \/>\n<\/div>\n<div class=\"name-email-rows\">\n\t<p><label> Last name<br \/>\n<span class=\"wpcf7-form-control-wrap\" data-name=\"your-firstname\"><input size=\"40\" class=\"wpcf7-form-control wpcf7-text wpcf7-validates-as-required\" autocomplete=\"firstname\" aria-required=\"true\" aria-invalid=\"false\" value=\"\" type=\"text\" name=\"your-firstname\" \/><\/span> <\/label>\n\t<\/p>\n\t<p><label> First name<br \/>\n<span class=\"wpcf7-form-control-wrap\" data-name=\"your-lastname\"><input size=\"40\" class=\"wpcf7-form-control wpcf7-text wpcf7-validates-as-required\" autocomplete=\"lastname\" aria-required=\"true\" aria-invalid=\"false\" value=\"\" type=\"text\" name=\"your-lastname\" \/><\/span> <\/label>\n\t<\/p>\n\t<p><label> Email<br \/>\n<span class=\"wpcf7-form-control-wrap\" data-name=\"your-email\"><input size=\"40\" class=\"wpcf7-form-control wpcf7-text wpcf7-email wpcf7-validates-as-required wpcf7-validates-as-email\" autocomplete=\"email\" aria-required=\"true\" aria-invalid=\"false\" value=\"\" type=\"email\" name=\"your-email\" \/><\/span> <\/label>\n\t<\/p>\n<\/div>\n<div class=\"name-email-rows\">\n\t<p><label> Nationality<br \/>\n<span class=\"wpcf7-form-control-wrap\" data-name=\"your-nationality\"><input size=\"40\" class=\"wpcf7-form-control wpcf7-text wpcf7-validates-as-required\" autocomplete=\"nationality\" aria-required=\"true\" aria-invalid=\"false\" value=\"\" type=\"text\" name=\"your-nationality\" \/><\/span> <\/label>\n\t<\/p>\n\t<div class=\"job-and-diplomas\">\n\t\t<p><label> Job<br \/>\n<span class=\"wpcf7-form-control-wrap\" data-name=\"job_type\"><select class=\"wpcf7-form-control wpcf7-select wpcf7-validates-as-required job-select\" aria-required=\"true\" aria-invalid=\"false\" name=\"job_type\"><option value=\"Architecte\">Architecte<\/option><option value=\"Fonction connexe\">Fonction connexe<\/option><\/select><\/span> <\/label>\n\t\t<\/p>\n\t\t<p><label> Diploma<br \/>\n<span class=\"wpcf7-form-control-wrap\" data-name=\"architecture_diploma\"><select class=\"wpcf7-form-control wpcf7-select wpcf7-validates-as-required architecture-diploma-select\" aria-required=\"true\" aria-invalid=\"false\" name=\"architecture_diploma\"><option value=\"Licence\">Licence<\/option><option value=\"Master\">Master<\/option><option value=\"HMONP\">HMONP<\/option><option value=\"Doctorat\">Doctorat<\/option><\/select><\/span> <\/label>\n\t\t<\/p>\n\t\t<p><label> Do you have another diploma?<br \/>\n<span class=\"wpcf7-form-control-wrap\" data-name=\"other_diploma\"><select class=\"wpcf7-form-control wpcf7-select wpcf7-validates-as-required other-diploma-select\" aria-required=\"true\" aria-invalid=\"false\" name=\"other_diploma\"><option value=\"Non\">Non<\/option><option value=\"Oui\">Oui<\/option><\/select><\/span> <\/label>\n\t\t<\/p>\n\t\t<p><label> Post-graduation experience<br \/>\n<span class=\"wpcf7-form-control-wrap\" data-name=\"experience\"><select class=\"wpcf7-form-control wpcf7-select wpcf7-validates-as-required experience-select\" aria-required=\"true\" aria-invalid=\"false\" name=\"experience\"><option value=\"R\u00e9cemment dipl\u00f4m\u00e9\">R\u00e9cemment dipl\u00f4m\u00e9<\/option><option value=\"1 \u00e0 2 ans\">1 \u00e0 2 ans<\/option><option value=\"3 \u00e0 5 ans\">3 \u00e0 5 ans<\/option><option value=\"6 \u00e0 10 ans\">6 \u00e0 10 ans<\/option><option value=\"11 \u00e0 20 ans\">11 \u00e0 20 ans<\/option><option value=\"Plus de 20 ans\">Plus de 20 ans<\/option><\/select><\/span> <\/label>\n\t\t<\/p>\n\t<\/div>\n\t<p>Experience in architecture<br \/>\n<span class=\"wpcf7-form-control-wrap\" data-name=\"architecture_experience\"><span class=\"wpcf7-form-control wpcf7-checkbox architecture-experience-choice\"><span class=\"wpcf7-list-item first\"><label><input type=\"checkbox\" name=\"architecture_experience[]\" value=\"Concours\" \/><span class=\"wpcf7-list-item-label\">Concours<\/span><\/label><\/span><span class=\"wpcf7-list-item\"><label><input type=\"checkbox\" name=\"architecture_experience[]\" value=\"D\u00e9veloppement de projet\" \/><span class=\"wpcf7-list-item-label\">D\u00e9veloppement de projet<\/span><\/label><\/span><span class=\"wpcf7-list-item\"><label><input type=\"checkbox\" name=\"architecture_experience[]\" value=\"Direction de travaux\" \/><span class=\"wpcf7-list-item-label\">Direction de travaux<\/span><\/label><\/span><span class=\"wpcf7-list-item\"><label><input type=\"checkbox\" name=\"architecture_experience[]\" value=\"Recherche\" \/><span class=\"wpcf7-list-item-label\">Recherche<\/span><\/label><\/span><span class=\"wpcf7-list-item\"><label><input type=\"checkbox\" name=\"architecture_experience[]\" value=\"Graphisme\" \/><span class=\"wpcf7-list-item-label\">Graphisme<\/span><\/label><\/span><span class=\"wpcf7-list-item\"><label><input type=\"checkbox\" name=\"architecture_experience[]\" value=\"Image\" \/><span class=\"wpcf7-list-item-label\">Image<\/span><\/label><\/span><span class=\"wpcf7-list-item last\"><label><input type=\"checkbox\" name=\"architecture_experience[]\" value=\"Administration\" \/><span class=\"wpcf7-list-item-label\">Administration<\/span><\/label><\/span><\/span><\/span>\n\t<\/p>\n\t<p><label> Area of expertise<br \/>\n<span class=\"wpcf7-form-control-wrap\" data-name=\"expertise\"><select class=\"wpcf7-form-control wpcf7-select wpcf7-validates-as-required expertise-select\" aria-required=\"true\" aria-invalid=\"false\" name=\"expertise\"><option value=\"Novice\">Novice<\/option><option value=\"Interm\u00e9diaire\">Interm\u00e9diaire<\/option><option value=\"Avanc\u00e9\">Avanc\u00e9<\/option><option value=\"Expert\">Expert<\/option><\/select><\/span> <\/label>\n\t<\/p>\n\t<p>Softwares with a working experience<br \/>\n<span class=\"wpcf7-form-control-wrap\" data-name=\"software_experience\"><span class=\"wpcf7-form-control wpcf7-checkbox software-experience-choice\"><span class=\"wpcf7-list-item first\"><label><input type=\"checkbox\" name=\"software_experience[]\" value=\"Archicad\" \/><span class=\"wpcf7-list-item-label\">Archicad<\/span><\/label><\/span><span class=\"wpcf7-list-item\"><label><input type=\"checkbox\" name=\"software_experience[]\" value=\"Photoshop\" \/><span class=\"wpcf7-list-item-label\">Photoshop<\/span><\/label><\/span><span class=\"wpcf7-list-item\"><label><input type=\"checkbox\" name=\"software_experience[]\" value=\"InDesign\" \/><span class=\"wpcf7-list-item-label\">InDesign<\/span><\/label><\/span><span class=\"wpcf7-list-item\"><label><input type=\"checkbox\" name=\"software_experience[]\" value=\"Excel\" \/><span class=\"wpcf7-list-item-label\">Excel<\/span><\/label><\/span><span class=\"wpcf7-list-item\"><label><input type=\"checkbox\" name=\"software_experience[]\" value=\"Autocad\" \/><span class=\"wpcf7-list-item-label\">Autocad<\/span><\/label><\/span><span class=\"wpcf7-list-item\"><label><input type=\"checkbox\" name=\"software_experience[]\" value=\"Revit\" \/><span class=\"wpcf7-list-item-label\">Revit<\/span><\/label><\/span><span class=\"wpcf7-list-item\"><label><input type=\"checkbox\" name=\"software_experience[]\" value=\"Twinmotion\" \/><span class=\"wpcf7-list-item-label\">Twinmotion<\/span><\/label><\/span><span class=\"wpcf7-list-item\"><label><input type=\"checkbox\" name=\"software_experience[]\" value=\"Rhino\/Grasshopper\" \/><span class=\"wpcf7-list-item-label\">Rhino\/Grasshopper<\/span><\/label><\/span><span class=\"wpcf7-list-item last\"><label><input type=\"checkbox\" name=\"software_experience[]\" value=\"D5 Render\" \/><span class=\"wpcf7-list-item-label\">D5 Render<\/span><\/label><\/span><\/span><\/span>\n\t<\/p>\n\t<p><label> Upload your resume (PDF)<br \/>\n<span class=\"wpcf7-form-control-wrap\" data-name=\"cv_file_upload\"><input size=\"40\" class=\"wpcf7-form-control wpcf7-file wpcf7-validates-as-required\" accept=\"application\/pdf\" aria-required=\"true\" aria-invalid=\"false\" type=\"file\" name=\"cv_file_upload\" \/><\/span> <\/label>\n\t<\/p>\n\t<p><label> Upload your letter of motivation (PDF)<br \/>\n<span class=\"wpcf7-form-control-wrap\" data-name=\"motivation_file_upload\"><input size=\"40\" class=\"wpcf7-form-control wpcf7-file wpcf7-validates-as-required\" accept=\"application\/pdf\" aria-required=\"true\" aria-invalid=\"false\" type=\"file\" name=\"motivation_file_upload\" \/><\/span> <\/label>\n\t<\/p>\n\t<p><label> Upload your portfolio (PDF)<br \/>\n<span class=\"wpcf7-form-control-wrap\" data-name=\"portfolio_file_upload\"><input size=\"40\" class=\"wpcf7-form-control wpcf7-file wpcf7-validates-as-required\" accept=\"application\/pdf\" aria-required=\"true\" aria-invalid=\"false\" type=\"file\" name=\"portfolio_file_upload\" \/><\/span> <\/label>\n\t<\/p>\n\t<p><span class=\"wpcf7-form-control-wrap\" data-name=\"approve_conditions\"><span class=\"wpcf7-form-control wpcf7-checkbox wpcf7-validates-as-required approve-conditions-checkbox\"><span class=\"wpcf7-list-item first last\"><label><input type=\"checkbox\" name=\"approve_conditions[]\" value=\"Accepter les conditions\" \/><span class=\"wpcf7-list-item-label\">Accepter les conditions<\/span><\/label><\/span><\/span><\/span><br \/>\n<span class=\"conditions-text\">By submitting this form, I acknowledge that the information given will be used for recruitment purposes by members of Brenac & Gonzalez & Associ\u00e9s staff and by any person involved in the consideration of my application, within and outside the European Union, including members of staff involved in recruitment, management and decision making for Brenac & Gonzalez & Associ\u00e9s for the period of time necessary for the recruitment process. Translated with www.DeepL.com\/Translator (free version) In accordance with EU Regulation No. 2016\/679 on data protection, I have the right to access, rectify and object to the processing of my personal data, as well as a right of withdrawal, by contacting carriere@brenac-gonzalez.com. If your data is transferred outside the European Union, to a country that does not provide an adequate level of protection, Brenac & Gonzalez & Associ\u00e9s undertakes to comply with EU Regulation n\u00b02016\/679 on data protection and to guarantee appropriate security. For further information, please get in touch at contact@brenac-gonzalez.com.<\/span>\n\t<\/p>\n\t<p><input class=\"wpcf7-form-control has-spinner wpcf7-submit\" type=\"submit\" value=\"Soumettre votre candidature\" \/>\n\t<\/p>\n<\/div><div class=\"wpcf7-response-output\" aria-hidden=\"true\"><\/div>\n<\/form>\n<\/div>\n<\/div>\n","protected":false},"excerpt":{"rendered":"<p>Apply for a job Please enter your details<\/p>\n","protected":false},"author":4,"featured_media":6214,"parent":0,"menu_order":6,"comment_status":"closed","ping_status":"closed","template":"page_template-with-nav.php","meta":{"_acf_changed":false,"footnotes":""},"class_list":["post-36","page","type-page","status-publish","has-post-thumbnail","hentry"],"acf":[],"yoast_head":"<!-- This site is optimized with the Yoast SEO plugin v20.11 - https:\/\/yoast.com\/wordpress\/plugins\/seo\/ -->\n<title>Employment - Brenac &amp; Gonzalez et Associ\u00e9s<\/title>\n<meta name=\"robots\" content=\"index, follow, max-snippet:-1, max-image-preview:large, max-video-preview:-1\" \/>\n<link rel=\"canonical\" href=\"https:\/\/brenac-gonzalez.fr\/en\/employment\/\" \/>\n<meta property=\"og:locale\" content=\"en_US\" \/>\n<meta property=\"og:type\" content=\"article\" \/>\n<meta property=\"og:title\" content=\"Employment - Brenac &amp; Gonzalez et Associ\u00e9s\" \/>\n<meta property=\"og:description\" content=\"Apply for a job Please enter your details\" \/>\n<meta property=\"og:url\" content=\"https:\/\/brenac-gonzalez.fr\/en\/employment\/\" \/>\n<meta property=\"og:site_name\" content=\"Brenac &amp; Gonzalez et Associ\u00e9s\" \/>\n<meta property=\"article:publisher\" content=\"https:\/\/fr-fr.facebook.com\/BrenacGonzalez\/\" \/>\n<meta property=\"article:modified_time\" content=\"2023-06-19T13:20:18+00:00\" \/>\n<meta property=\"og:image\" content=\"https:\/\/brenac-gonzalez.fr\/wp-content\/uploads\/2023\/06\/nous_rejoindre_2.jpg\" \/>\n\t<meta property=\"og:image:width\" content=\"853\" \/>\n\t<meta property=\"og:image:height\" content=\"570\" \/>\n\t<meta property=\"og:image:type\" content=\"image\/jpeg\" \/>\n<meta name=\"twitter:card\" content=\"summary_large_image\" \/>\n<script type=\"application\/ld+json\" class=\"yoast-schema-graph\">{\"@context\":\"https:\/\/schema.org\",\"@graph\":[{\"@type\":\"WebPage\",\"@id\":\"https:\/\/brenac-gonzalez.fr\/en\/employment\/\",\"url\":\"https:\/\/brenac-gonzalez.fr\/en\/employment\/\",\"name\":\"Employment - Brenac &amp; Gonzalez et Associ\u00e9s\",\"isPartOf\":{\"@id\":\"https:\/\/brenac-gonzalez.fr\/#website\"},\"datePublished\":\"2016-12-29T16:31:16+00:00\",\"dateModified\":\"2023-06-19T13:20:18+00:00\",\"breadcrumb\":{\"@id\":\"https:\/\/brenac-gonzalez.fr\/en\/employment\/#breadcrumb\"},\"inLanguage\":\"en-US\",\"potentialAction\":[{\"@type\":\"ReadAction\",\"target\":[\"https:\/\/brenac-gonzalez.fr\/en\/employment\/\"]}]},{\"@type\":\"BreadcrumbList\",\"@id\":\"https:\/\/brenac-gonzalez.fr\/en\/employment\/#breadcrumb\",\"itemListElement\":[{\"@type\":\"ListItem\",\"position\":1,\"name\":\"Portada\",\"item\":\"https:\/\/brenac-gonzalez.fr\/en\/\"},{\"@type\":\"ListItem\",\"position\":2,\"name\":\"Employment\"}]},{\"@type\":\"WebSite\",\"@id\":\"https:\/\/brenac-gonzalez.fr\/#website\",\"url\":\"https:\/\/brenac-gonzalez.fr\/\",\"name\":\"Brenac &amp; Gonzalez et Associ\u00e9s\",\"description\":\"Atelier d&#039;architecture\",\"potentialAction\":[{\"@type\":\"SearchAction\",\"target\":{\"@type\":\"EntryPoint\",\"urlTemplate\":\"https:\/\/brenac-gonzalez.fr\/?s={search_term_string}\"},\"query-input\":\"required name=search_term_string\"}],\"inLanguage\":\"en-US\"}]}<\/script>\n<!-- \/ Yoast SEO plugin. -->","yoast_head_json":{"title":"Employment - Brenac &amp; Gonzalez et Associ\u00e9s","robots":{"index":"index","follow":"follow","max-snippet":"max-snippet:-1","max-image-preview":"max-image-preview:large","max-video-preview":"max-video-preview:-1"},"canonical":"https:\/\/brenac-gonzalez.fr\/en\/employment\/","og_locale":"en_US","og_type":"article","og_title":"Employment - Brenac &amp; Gonzalez et Associ\u00e9s","og_description":"Apply for a job Please enter your details","og_url":"https:\/\/brenac-gonzalez.fr\/en\/employment\/","og_site_name":"Brenac &amp; Gonzalez et Associ\u00e9s","article_publisher":"https:\/\/fr-fr.facebook.com\/BrenacGonzalez\/","article_modified_time":"2023-06-19T13:20:18+00:00","og_image":[{"width":853,"height":570,"url":"https:\/\/brenac-gonzalez.fr\/wp-content\/uploads\/2023\/06\/nous_rejoindre_2.jpg","type":"image\/jpeg"}],"twitter_card":"summary_large_image","schema":{"@context":"https:\/\/schema.org","@graph":[{"@type":"WebPage","@id":"https:\/\/brenac-gonzalez.fr\/en\/employment\/","url":"https:\/\/brenac-gonzalez.fr\/en\/employment\/","name":"Employment - Brenac &amp; Gonzalez et Associ\u00e9s","isPartOf":{"@id":"https:\/\/brenac-gonzalez.fr\/#website"},"datePublished":"2016-12-29T16:31:16+00:00","dateModified":"2023-06-19T13:20:18+00:00","breadcrumb":{"@id":"https:\/\/brenac-gonzalez.fr\/en\/employment\/#breadcrumb"},"inLanguage":"en-US","potentialAction":[{"@type":"ReadAction","target":["https:\/\/brenac-gonzalez.fr\/en\/employment\/"]}]},{"@type":"BreadcrumbList","@id":"https:\/\/brenac-gonzalez.fr\/en\/employment\/#breadcrumb","itemListElement":[{"@type":"ListItem","position":1,"name":"Portada","item":"https:\/\/brenac-gonzalez.fr\/en\/"},{"@type":"ListItem","position":2,"name":"Employment"}]},{"@type":"WebSite","@id":"https:\/\/brenac-gonzalez.fr\/#website","url":"https:\/\/brenac-gonzalez.fr\/","name":"Brenac &amp; Gonzalez et Associ\u00e9s","description":"Atelier d&#039;architecture","potentialAction":[{"@type":"SearchAction","target":{"@type":"EntryPoint","urlTemplate":"https:\/\/brenac-gonzalez.fr\/?s={search_term_string}"},"query-input":"required name=search_term_string"}],"inLanguage":"en-US"}]}},"_links":{"self":[{"href":"https:\/\/brenac-gonzalez.fr\/en\/wp-json\/wp\/v2\/pages\/36","targetHints":{"allow":["GET"]}}],"collection":[{"href":"https:\/\/brenac-gonzalez.fr\/en\/wp-json\/wp\/v2\/pages"}],"about":[{"href":"https:\/\/brenac-gonzalez.fr\/en\/wp-json\/wp\/v2\/types\/page"}],"author":[{"embeddable":true,"href":"https:\/\/brenac-gonzalez.fr\/en\/wp-json\/wp\/v2\/users\/4"}],"replies":[{"embeddable":true,"href":"https:\/\/brenac-gonzalez.fr\/en\/wp-json\/wp\/v2\/comments?post=36"}],"version-history":[{"count":15,"href":"https:\/\/brenac-gonzalez.fr\/en\/wp-json\/wp\/v2\/pages\/36\/revisions"}],"predecessor-version":[{"id":6199,"href":"https:\/\/brenac-gonzalez.fr\/en\/wp-json\/wp\/v2\/pages\/36\/revisions\/6199"}],"wp:featuredmedia":[{"embeddable":true,"href":"https:\/\/brenac-gonzalez.fr\/en\/wp-json\/wp\/v2\/media\/6214"}],"wp:attachment":[{"href":"https:\/\/brenac-gonzalez.fr\/en\/wp-json\/wp\/v2\/media?parent=36"}],"curies":[{"name":"wp","href":"https:\/\/api.w.org\/{rel}","templated":true}]}}