{"id":16,"date":"2016-12-29T17:26:59","date_gmt":"2016-12-29T16:26:59","guid":{"rendered":"http:\/\/dev.brenac-gonzalez.fr\/?page_id=16\/"},"modified":"2023-06-19T14:31:08","modified_gmt":"2023-06-19T12:31:08","slug":"about-us","status":"publish","type":"page","link":"https:\/\/brenac-gonzalez.fr\/en\/about-us\/","title":{"rendered":"About us"},"content":{"rendered":"\n<h2 class=\"wp-block-heading\">In Search of the Present<\/h2>\n\n\n\n<h4 class=\"wp-block-heading\">&nbsp;<\/h4>\n\n\n\n<p class=\"is-style-heading\">The Brenac and Gonzalez Architecture Agency was founded in the 1980s by Olivier Brenac and Xavier Gonzalez.<\/p>\n\n\n\n<figure class=\"wp-block-image size-large is-resized\"><img loading=\"lazy\" decoding=\"async\" src=\"https:\/\/brenac-gonzalez.fr\/wp-content\/uploads\/2023\/04\/groupe3-2-1024x630.jpg\" alt=\"\" class=\"wp-image-5958\" width=\"1024\" height=\"630\" srcset=\"https:\/\/brenac-gonzalez.fr\/wp-content\/uploads\/2023\/04\/groupe3-2-1024x630.jpg 1024w, https:\/\/brenac-gonzalez.fr\/wp-content\/uploads\/2023\/04\/groupe3-2-480x295.jpg 480w, https:\/\/brenac-gonzalez.fr\/wp-content\/uploads\/2023\/04\/groupe3-2-768x473.jpg 768w, https:\/\/brenac-gonzalez.fr\/wp-content\/uploads\/2023\/04\/groupe3-2-1536x945.jpg 1536w, https:\/\/brenac-gonzalez.fr\/wp-content\/uploads\/2023\/04\/groupe3-2-2048x1260.jpg 2048w, https:\/\/brenac-gonzalez.fr\/wp-content\/uploads\/2023\/04\/groupe3-2-990x609.jpg 990w\" sizes=\"auto, (max-width: 1024px) 100vw, 1024px\" \/><\/figure>\n\n\n\n<p>Olivier is a graduate of the Ecole Sp\u00e9ciale d&#8217;Architecture, he also has a Master&#8217;s degree in Urban Planning from Les Ponts et Chauss\u00e9es.<\/p>\n\n\n\n<p>Xavier is a graduate of the Ecole Nationale Sup\u00e9rieure d&#8217;Architecture, Paris-Belleville and was a fellow extra-muros at the Villa M\u00e9dicis which enabled him to join Tadao Ando&#8217;s agency. He is also a member of the Acad\u00e9mie d\u2019Architecture.<\/p>\n\n\n\n<h4 class=\"wp-block-heading\">&nbsp;<\/h4>\n\n\n\n<p>Brenac&amp;Gonzalez&amp;Associ\u00e9s has now welcomed three new partners: Jean-Pierre L\u00e9v\u00eaque, Emmanuel Person and Guillaume Mar\u00e9chaux. Our team is interdisciplinary and includes some forty collaborators from various cultures and nationalities. The agency deals with all types of programs: housing, cultural, educational or health-related facilities, offices and projects are equally divided between public competitions and private commissions.<\/p>\n\n\n\n<p>&nbsp;<\/p>\n\n\n\n<p>In his essay <em>The Hedgehog and the Fox<\/em>, Isaiah Berlin divides authors or artists into two categories.<\/p>\n\n\n\n<p>On the one hand the hedgehogs, who only see the world through a single rule that they wish to take to the sublime.<\/p>\n\n\n\n<p>On the other, the fox, a curious animal who draws on a wide variety of experiences and for whom the world cannot be reduced to a single idea.<\/p>\n\n\n\n<p>Our research is rather on the fox side, because what motivates us is, above all, what we could call thought in motion, or the quest for a \u201cperpetual present\u201d as Henri Bergson would say.<\/p>\n\n\n\n<p>&nbsp;<\/p>\n\n\n\n<p>In Octavio Paz&#8217;s <em>Eulogy of the Present<\/em> we find this same obsession, that of permanence, which Baudelaire would call modernity, a term that today seems very old-fashioned.<\/p>\n\n\n\n<p>\u201cModernity,\u201d he writes in <em>The Painter and Modern Life<\/em>, &#8220;is the transitory, the fugitive, the contingent, half of art and half of the eternal and immutable.\u201d<\/p>\n\n\n\n<p>&nbsp;<\/p>\n\n\n\n<p>In the Baudelairian sense, we feel profoundly modern, because we wish to insert our work both in our own time and also outside it, always in search of the fleeting and the immutable.<\/p>\n\n\n\n<p>&nbsp;<\/p>\n\n\n\n<p>&nbsp;<\/p>\n\n\n\n<p>Brenac&amp;Gonzalez&amp;Associ\u00e9s<\/p>\n","protected":false},"excerpt":{"rendered":"<p>In Search of the Present &nbsp; The Brenac and Gonzalez Architecture Agency was founded in the 1980s by Olivier Brenac and Xavier Gonzalez. Olivier is a graduate of the Ecole Sp\u00e9ciale d&#8217;Architecture, he also has a Master&#8217;s degree in Urban Planning from Les Ponts et Chauss\u00e9es. Xavier is a graduate of the Ecole Nationale Sup\u00e9rieure [&hellip;]<\/p>\n","protected":false},"author":4,"featured_media":6206,"parent":0,"menu_order":1,"comment_status":"closed","ping_status":"closed","template":"page_template-with-nav.php","meta":{"_acf_changed":false,"footnotes":""},"class_list":["post-16","page","type-page","status-publish","has-post-thumbnail","hentry"],"acf":[],"yoast_head":"<!-- This site is optimized with the Yoast SEO plugin v20.11 - https:\/\/yoast.com\/wordpress\/plugins\/seo\/ -->\n<title>About us - Brenac &amp; Gonzalez et Associ\u00e9s<\/title>\n<meta name=\"robots\" content=\"index, follow, max-snippet:-1, max-image-preview:large, max-video-preview:-1\" \/>\n<link rel=\"canonical\" href=\"https:\/\/brenac-gonzalez.fr\/en\/about-us\/\" \/>\n<meta property=\"og:locale\" content=\"en_US\" \/>\n<meta property=\"og:type\" content=\"article\" \/>\n<meta property=\"og:title\" content=\"About us - Brenac &amp; Gonzalez et Associ\u00e9s\" \/>\n<meta property=\"og:description\" content=\"In Search of the Present &nbsp; The Brenac and Gonzalez Architecture Agency was founded in the 1980s by Olivier Brenac and Xavier Gonzalez. Olivier is a graduate of the Ecole Sp\u00e9ciale d&#8217;Architecture, he also has a Master&#8217;s degree in Urban Planning from Les Ponts et Chauss\u00e9es. Xavier is a graduate of the Ecole Nationale Sup\u00e9rieure [&hellip;]\" \/>\n<meta property=\"og:url\" content=\"https:\/\/brenac-gonzalez.fr\/en\/about-us\/\" \/>\n<meta property=\"og:site_name\" content=\"Brenac &amp; Gonzalez et Associ\u00e9s\" \/>\n<meta property=\"article:publisher\" content=\"https:\/\/fr-fr.facebook.com\/BrenacGonzalez\/\" \/>\n<meta property=\"article:modified_time\" content=\"2023-06-19T12:31:08+00:00\" \/>\n<meta property=\"og:image\" content=\"https:\/\/brenac-gonzalez.fr\/wp-content\/uploads\/2023\/06\/a_propos-1024x630.jpg\" \/>\n\t<meta property=\"og:image:width\" content=\"1024\" \/>\n\t<meta property=\"og:image:height\" content=\"630\" \/>\n\t<meta property=\"og:image:type\" content=\"image\/jpeg\" \/>\n<meta name=\"twitter:card\" content=\"summary_large_image\" \/>\n<meta name=\"twitter:label1\" content=\"Est. reading time\" \/>\n\t<meta name=\"twitter:data1\" content=\"2 minutes\" \/>\n<script type=\"application\/ld+json\" class=\"yoast-schema-graph\">{\"@context\":\"https:\/\/schema.org\",\"@graph\":[{\"@type\":\"WebPage\",\"@id\":\"https:\/\/brenac-gonzalez.fr\/en\/about-us\/\",\"url\":\"https:\/\/brenac-gonzalez.fr\/en\/about-us\/\",\"name\":\"About us - Brenac &amp; Gonzalez et Associ\u00e9s\",\"isPartOf\":{\"@id\":\"https:\/\/brenac-gonzalez.fr\/#website\"},\"datePublished\":\"2016-12-29T16:26:59+00:00\",\"dateModified\":\"2023-06-19T12:31:08+00:00\",\"breadcrumb\":{\"@id\":\"https:\/\/brenac-gonzalez.fr\/en\/about-us\/#breadcrumb\"},\"inLanguage\":\"en-US\",\"potentialAction\":[{\"@type\":\"ReadAction\",\"target\":[\"https:\/\/brenac-gonzalez.fr\/en\/about-us\/\"]}]},{\"@type\":\"BreadcrumbList\",\"@id\":\"https:\/\/brenac-gonzalez.fr\/en\/about-us\/#breadcrumb\",\"itemListElement\":[{\"@type\":\"ListItem\",\"position\":1,\"name\":\"Portada\",\"item\":\"https:\/\/brenac-gonzalez.fr\/en\/\"},{\"@type\":\"ListItem\",\"position\":2,\"name\":\"About us\"}]},{\"@type\":\"WebSite\",\"@id\":\"https:\/\/brenac-gonzalez.fr\/#website\",\"url\":\"https:\/\/brenac-gonzalez.fr\/\",\"name\":\"Brenac &amp; Gonzalez et Associ\u00e9s\",\"description\":\"Atelier d&#039;architecture\",\"potentialAction\":[{\"@type\":\"SearchAction\",\"target\":{\"@type\":\"EntryPoint\",\"urlTemplate\":\"https:\/\/brenac-gonzalez.fr\/?s={search_term_string}\"},\"query-input\":\"required name=search_term_string\"}],\"inLanguage\":\"en-US\"}]}<\/script>\n<!-- \/ Yoast SEO plugin. -->","yoast_head_json":{"title":"About us - Brenac &amp; Gonzalez et Associ\u00e9s","robots":{"index":"index","follow":"follow","max-snippet":"max-snippet:-1","max-image-preview":"max-image-preview:large","max-video-preview":"max-video-preview:-1"},"canonical":"https:\/\/brenac-gonzalez.fr\/en\/about-us\/","og_locale":"en_US","og_type":"article","og_title":"About us - Brenac &amp; Gonzalez et Associ\u00e9s","og_description":"In Search of the Present &nbsp; The Brenac and Gonzalez Architecture Agency was founded in the 1980s by Olivier Brenac and Xavier Gonzalez. Olivier is a graduate of the Ecole Sp\u00e9ciale d&#8217;Architecture, he also has a Master&#8217;s degree in Urban Planning from Les Ponts et Chauss\u00e9es. Xavier is a graduate of the Ecole Nationale Sup\u00e9rieure [&hellip;]","og_url":"https:\/\/brenac-gonzalez.fr\/en\/about-us\/","og_site_name":"Brenac &amp; Gonzalez et Associ\u00e9s","article_publisher":"https:\/\/fr-fr.facebook.com\/BrenacGonzalez\/","article_modified_time":"2023-06-19T12:31:08+00:00","og_image":[{"width":1024,"height":630,"url":"https:\/\/brenac-gonzalez.fr\/wp-content\/uploads\/2023\/06\/a_propos-1024x630.jpg","type":"image\/jpeg"}],"twitter_card":"summary_large_image","twitter_misc":{"Est. reading time":"2 minutes"},"schema":{"@context":"https:\/\/schema.org","@graph":[{"@type":"WebPage","@id":"https:\/\/brenac-gonzalez.fr\/en\/about-us\/","url":"https:\/\/brenac-gonzalez.fr\/en\/about-us\/","name":"About us - Brenac &amp; Gonzalez et Associ\u00e9s","isPartOf":{"@id":"https:\/\/brenac-gonzalez.fr\/#website"},"datePublished":"2016-12-29T16:26:59+00:00","dateModified":"2023-06-19T12:31:08+00:00","breadcrumb":{"@id":"https:\/\/brenac-gonzalez.fr\/en\/about-us\/#breadcrumb"},"inLanguage":"en-US","potentialAction":[{"@type":"ReadAction","target":["https:\/\/brenac-gonzalez.fr\/en\/about-us\/"]}]},{"@type":"BreadcrumbList","@id":"https:\/\/brenac-gonzalez.fr\/en\/about-us\/#breadcrumb","itemListElement":[{"@type":"ListItem","position":1,"name":"Portada","item":"https:\/\/brenac-gonzalez.fr\/en\/"},{"@type":"ListItem","position":2,"name":"About us"}]},{"@type":"WebSite","@id":"https:\/\/brenac-gonzalez.fr\/#website","url":"https:\/\/brenac-gonzalez.fr\/","name":"Brenac &amp; Gonzalez et Associ\u00e9s","description":"Atelier d&#039;architecture","potentialAction":[{"@type":"SearchAction","target":{"@type":"EntryPoint","urlTemplate":"https:\/\/brenac-gonzalez.fr\/?s={search_term_string}"},"query-input":"required name=search_term_string"}],"inLanguage":"en-US"}]}},"_links":{"self":[{"href":"https:\/\/brenac-gonzalez.fr\/en\/wp-json\/wp\/v2\/pages\/16","targetHints":{"allow":["GET"]}}],"collection":[{"href":"https:\/\/brenac-gonzalez.fr\/en\/wp-json\/wp\/v2\/pages"}],"about":[{"href":"https:\/\/brenac-gonzalez.fr\/en\/wp-json\/wp\/v2\/types\/page"}],"author":[{"embeddable":true,"href":"https:\/\/brenac-gonzalez.fr\/en\/wp-json\/wp\/v2\/users\/4"}],"replies":[{"embeddable":true,"href":"https:\/\/brenac-gonzalez.fr\/en\/wp-json\/wp\/v2\/comments?post=16"}],"version-history":[{"count":6,"href":"https:\/\/brenac-gonzalez.fr\/en\/wp-json\/wp\/v2\/pages\/16\/revisions"}],"predecessor-version":[{"id":6194,"href":"https:\/\/brenac-gonzalez.fr\/en\/wp-json\/wp\/v2\/pages\/16\/revisions\/6194"}],"wp:featuredmedia":[{"embeddable":true,"href":"https:\/\/brenac-gonzalez.fr\/en\/wp-json\/wp\/v2\/media\/6206"}],"wp:attachment":[{"href":"https:\/\/brenac-gonzalez.fr\/en\/wp-json\/wp\/v2\/media?parent=16"}],"curies":[{"name":"wp","href":"https:\/\/api.w.org\/{rel}","templated":true}]}}